{"id":135,"date":"2018-06-08T09:31:32","date_gmt":"2018-06-08T09:31:32","guid":{"rendered":"https:\/\/hno-fischer-trier.com\/?page_id=135"},"modified":"2025-09-03T13:04:10","modified_gmt":"2025-09-03T13:04:10","slug":"impressum","status":"publish","type":"page","link":"https:\/\/hno-fischer-trier.com\/?page_id=135","title":{"rendered":"Impressum"},"content":{"rendered":"<p>[et_pb_section fb_built=&#8220;1&#8243; custom_padding_last_edited=&#8220;on|desktop&#8220; admin_label=&#8220;section&#8220; _builder_version=&#8220;4.16&#8243; custom_padding_tablet=&#8220;50px|0|50px|0&#8243; custom_padding_phone=&#8220;50px|0|50px|0&#8243; transparent_background=&#8220;off&#8220; padding_mobile=&#8220;off&#8220; make_fullwidth=&#8220;off&#8220; use_custom_width=&#8220;off&#8220; width_unit=&#8220;off&#8220; custom_width_px=&#8220;1080px&#8220; custom_width_percent=&#8220;80%&#8220; global_colors_info=&#8220;{}&#8220;][et_pb_row padding_mobile=&#8220;off&#8220; column_padding_mobile=&#8220;on&#8220; admin_label=&#8220;row&#8220; _builder_version=&#8220;4.16&#8243; background_size=&#8220;initial&#8220; background_position=&#8220;top_left&#8220; background_repeat=&#8220;repeat&#8220; make_fullwidth=&#8220;off&#8220; use_custom_width=&#8220;off&#8220; width_unit=&#8220;off&#8220; custom_width_px=&#8220;1080px&#8220; custom_width_percent=&#8220;80%&#8220; global_colors_info=&#8220;{}&#8220;][et_pb_column type=&#8220;4_4&#8243; _builder_version=&#8220;4.16&#8243; custom_padding=&#8220;|||&#8220; global_colors_info=&#8220;{}&#8220; custom_padding__hover=&#8220;|||&#8220;][et_pb_text admin_label=&#8220;Text&#8220; _builder_version=&#8220;4.16&#8243; background_size=&#8220;initial&#8220; background_position=&#8220;top_left&#8220; background_repeat=&#8220;repeat&#8220; custom_padding=&#8220;|||0px||&#8220; use_border_color=&#8220;off&#8220; border_style=&#8220;solid&#8220; global_colors_info=&#8220;{}&#8220;]<\/p>\n<p>:HNO-Praxis Dr. med. Ilka Fischer (Inhaberin)<\/p>\n<p>Dr. med. (F) Richard Koessler, Facharzt f\u00fcr Hals-, Nasen- und Ohrenheilkunde, Frankreich, Platische Operationen\/ Umweltmedizin\/ Schlafdiagnostik * (angestellter Arzt)<\/p>\n<p>Ostallee 47, 54290 Trier<\/p>\n<p>Telefon: 0651-74644\u00a0\u00a0\u00a0\u00a0\u00a0\u00a0\u00a0\u00a0\u00a0\u00a0\u00a0\u00a0\u00a0\u00a0\u00a0 Fax: 0651-74797<\/p>\n<p>Medizinprodukte &#8211; Beauftragte\/r:\u00a0\u00a0\u00a0 Email:\u00a0 bfmp@hno-fischer-trier.de<\/p>\n<p style=\"padding-left: 40px;\"><span style=\"color: #ff0000;\"><strong>WICHTIGE <\/strong>Information an Patienten:<\/span><br \/><span style=\"color: #ff0000;\">Bitte beachten Sie, dass \u00fcber diese Emailadresse <strong>KEINE<\/strong> Patientenanfragen und Terminvergaben bearbeitet werden.<\/span><br \/>Diese Adresse dient ausschlie\u00dflich dem Austausch zwischen dem\/der Medizinproduktebeauftragten und Firmen !<\/p>\n<p><strong>Gesetzliche Berufsbezeichnung aller \u00c4rzte in der Praxis, sowie Staat, in dem die Berufsbezeichnung verliehen wurde:<\/strong><\/p>\n<p>Dr. med. Ilka Fischer, Fach\u00e4rztin f\u00fcr Hals-, Nasen- und Ohrenheilkunde, Deutschland<\/p>\n<p>Dr. med. (F) Richard Koessler, Facharzt f\u00fcr Hals-, Nasen- und Ohrenheilkunde, Frankreich, Platische Operationen\/ Umweltmedizin\/ Schlafdiagnostik *<\/p>\n<p>&nbsp;<\/p>\n<p><span style=\"text-decoration: underline;\">Praxisgr\u00fcnder:<\/span><\/p>\n<p>Dr. med. Heinzj\u00f6rg Fischer \u2020 \u00a0 Hals-, Nasen-, Ohrenheilkunde, Deutschland, Plastische Operationen<\/p>\n<p><span style=\"text-decoration: underline;\">* angestellte \u00c4rzte<\/span><\/p>\n<p><strong>Zust\u00e4ndige \u00c4rztekammer<\/strong><\/p>\n<p>Landes\u00e4rztekammer Rheinland-Pfalz, Deutschhausplatz 3, 55116 Mainz\u00a0\u00a0\u00a0\u00a0\u00a0\u00a0\u00a0\u00a0 www.laek-rlp.de<\/p>\n<p>Z<strong>ust\u00e4ndige Kassen\u00e4rztliche Vereinigung<\/strong><\/p>\n<p>Kassen\u00e4rztliche Vereinigung Rheinland-Pfalz, Isaac-Fulda-Allee 14, 55124 Mainz\u00a0\u00a0\u00a0\u00a0\u00a0 www.kv-rlp.de<\/p>\n<p><strong>Zust\u00e4ndige Approbationsbeh\u00f6rde<\/strong><\/p>\n<p>Landesamt f\u00fcr Soziales, Jugend und Versorgung, Rheinallee 97-101, 55118 Mainz\u00a0\u00a0\u00a0\u00a0\u00a0 www.lsjv.rlp.de<\/p>\n<p><strong>Berufsrechtliche Regelungen (Auswahl)<\/strong><\/p>\n<p><a href=\"https:\/\/laek-rlp.de\/recht\/gesetzeverordnungen\/\">Berufsordnung f\u00fcr die \u00c4rztinnen und \u00c4rzte in Rheinland-Pfalz<\/a><\/p>\n<p><a href=\"https:\/\/landesrecht.rlp.de\/bsrp\/document\/jlr-HeilBerGRP2014rahmen\">Heilberufsgesetz Rheinland-Pfalz <\/a><\/p>\n<p><a href=\"https:\/\/www.gesetze-im-internet.de\/b_o\/BJNR018570961.html\">Bundes\u00e4rzteordnung<\/a><\/p>\n<p><a href=\"https:\/\/www.gesetze-im-internet.de\/go__1982\/\">Geb\u00fchrenordnung f\u00fcr \u00c4rzte<\/a><\/p>\n<p><a href=\"https:\/\/www.laek-rlp.de\">Zust\u00e4ndige Kammer: Landes\u00e4rztekammer RLP<\/a><\/p>\n<p><a href=\"https:\/\/www.kv-rlp.de\">Zust\u00e4ndige Kassen\u00e4rztliche Vereinigung: Kassen\u00e4rztliche Vereinigung RLP<\/a><\/p>\n<p>\u00a0<strong>Online-Streitbeilegung<\/strong><\/p>\n<p>Die Europ\u00e4ische Kommission stellt unter https:\/\/ec.europa.eu\/consumers\/odr\/ eine Plattform zur Online-Streitbeilegung bereit, die Verbraucher f\u00fcr die Beilegung einer Streitigkeit nutzen k\u00f6nnen und auf der weitere Informationen zum Thema Streitschlichtung zu finden sind.<\/p>\n<p><strong>Au\u00dfergerichtliche Streitbeilegung<\/strong><\/p>\n<p>Wir sind weder verpflichtet noch dazu bereit, im Falle einer Streitigkeit mit einem Verbraucher an einem Streitbeilegungsverfahren vor einer Verbraucherschlichtungsstelle teilzunehmen.<\/p>\n<p><strong>Haftungsausschluss<\/strong><\/p>\n<p>Als Diensteanbieter sind wir gem\u00e4\u00df \u00a7 7 Abs.1 DDG f\u00fcr eigene Inhalte auf diesen Seiten nach den allgemeinen Gesetzen verantwortlich. Nach \u00a7\u00a7 8 bis 10 DDG sind wir als Diensteanbieter jedoch nicht verpflichtet, \u00fcbermittelte oder gespeicherte fremde Informationen zu \u00fcberwachen oder nach Umst\u00e4nden zu forschen, die auf eine rechtswidrige T\u00e4tigkeit hinweisen. Verpflichtungen zur Entfernung oder Sperrung der Nutzung von Informationen nach den allgemeinen Gesetzen bleiben hiervon unber\u00fchrt. Eine diesbez\u00fcgliche Haftung ist jedoch erst ab dem Zeitpunkt der Kenntnis einer konkreten Rechtsverletzung m\u00f6glich. Bei Bekanntwerden von entsprechenden Rechtsverletzungen werden wir diese Inhalte umgehend entfernen.<\/p>\n<p><strong>Haftung f\u00fcr Links<\/strong><\/p>\n<p>Soweit Links zu externen Webseiten bestehen, auf deren Inhalte wir keinen Einfluss haben, k\u00f6nnen wir keine Gew\u00e4hrleistungen \u00fcbernehmen. Verantwortlich ist immer der Anbieter oder Betreiber der verlinkten Seiten. Rechtswirdrige Inhalte waren zum Zeitpunkt der Verlinkung, aufgrund unserer Pr\u00fcfung nicht erkennbar. Eine immerw\u00e4hrende inhaltliche Kontrolle der verlinkten Seiten ist unverh\u00e4ltnism\u00e4\u00dfig, da sie ohne konkrete Hinweise einer Rechtsverletzung nicht zumutbar ist. Werden Rechtsverletzungen bekannt, werden wir betroffene Links l\u00f6schen.<\/p>\n<p><strong>Urheberrecht<\/strong><\/p>\n<p>Die Inhalte und Werke auf diesen Seiten unterliegen dem deutschen Urheberrecht. Die Vervielf\u00e4ltigung, Bearbeitung, Verbreitung und jede Art der Verwertung au\u00dferhalb der Grenzen des Urheberrechtes bed\u00fcrfen der schriftlichen Zustimmung. F\u00fcr den privaten, nicht kommerziellen Gebrauch Downloads und Kopien dieser Seiten gestattet (\u00a7 53 UrhG). Soweit die Inhalte auf dieser Seite nicht von uns erstellt wurden, werden die Urheberrechte Dritter beachtet. Insbesondere werden Inhalte Dritter als solche gekennzeichnet.<\/p>\n<p>Wir bitten Sie, sollten Sie trotzdem auf eine Urheberrechtsverletzung aufmerksam werden, uns dies mitzuteilen. Wir werden dann die L\u00f6schung der Inhalte bewerkstelligen.<\/p>\n<p>[\/et_pb_text][\/et_pb_column][\/et_pb_row][\/et_pb_section]<\/p>\n","protected":false},"excerpt":{"rendered":"<p>:HNO-Praxis Dr. med. Ilka Fischer (Inhaberin) Dr. med. (F) Richard Koessler, Facharzt f\u00fcr Hals-, Nasen- und Ohrenheilkunde, Frankreich, Platische Operationen\/ Umweltmedizin\/ Schlafdiagnostik * (angestellter Arzt) Ostallee 47, 54290 Trier Telefon: 0651-74644\u00a0\u00a0\u00a0\u00a0\u00a0\u00a0\u00a0\u00a0\u00a0\u00a0\u00a0\u00a0\u00a0\u00a0\u00a0 Fax: 0651-74797 Medizinprodukte &#8211; Beauftragte\/r:\u00a0\u00a0\u00a0 Email:\u00a0 bfmp@hno-fischer-trier.de WICHTIGE Information an Patienten:Bitte beachten Sie, dass \u00fcber diese Emailadresse KEINE Patientenanfragen und Terminvergaben bearbeitet werden.Diese Adresse [&hellip;]<\/p>\n","protected":false},"author":2,"featured_media":0,"parent":0,"menu_order":0,"comment_status":"closed","ping_status":"closed","template":"","meta":{"_et_pb_use_builder":"on","_et_pb_old_content":"","_et_gb_content_width":"","footnotes":""},"class_list":["post-135","page","type-page","status-publish","hentry"],"_links":{"self":[{"href":"https:\/\/hno-fischer-trier.com\/index.php?rest_route=\/wp\/v2\/pages\/135","targetHints":{"allow":["GET"]}}],"collection":[{"href":"https:\/\/hno-fischer-trier.com\/index.php?rest_route=\/wp\/v2\/pages"}],"about":[{"href":"https:\/\/hno-fischer-trier.com\/index.php?rest_route=\/wp\/v2\/types\/page"}],"author":[{"embeddable":true,"href":"https:\/\/hno-fischer-trier.com\/index.php?rest_route=\/wp\/v2\/users\/2"}],"replies":[{"embeddable":true,"href":"https:\/\/hno-fischer-trier.com\/index.php?rest_route=%2Fwp%2Fv2%2Fcomments&post=135"}],"version-history":[{"count":35,"href":"https:\/\/hno-fischer-trier.com\/index.php?rest_route=\/wp\/v2\/pages\/135\/revisions"}],"predecessor-version":[{"id":573,"href":"https:\/\/hno-fischer-trier.com\/index.php?rest_route=\/wp\/v2\/pages\/135\/revisions\/573"}],"wp:attachment":[{"href":"https:\/\/hno-fischer-trier.com\/index.php?rest_route=%2Fwp%2Fv2%2Fmedia&parent=135"}],"curies":[{"name":"wp","href":"https:\/\/api.w.org\/{rel}","templated":true}]}}