{"id":185,"date":"2019-12-29T15:07:41","date_gmt":"2019-12-29T15:07:41","guid":{"rendered":"https:\/\/hno-fischer-trier.com\/?page_id=185"},"modified":"2026-03-25T07:55:04","modified_gmt":"2026-03-25T07:55:04","slug":"jobs","status":"publish","type":"page","link":"https:\/\/hno-fischer-trier.com\/?page_id=185","title":{"rendered":"Jobs"},"content":{"rendered":"<h1><span style=\"color: #0000ff;\">Facharzt f\u00fcr HNO (m\/w\/d)<\/span><\/h1>\n<p>Zun\u00e4chst als Jobsharing; im Verlauf \u00dcbergang in eigene Zulassung im Angestelltenverh\u00e4ltnis.<\/p>\n<h1><span style=\"color: #0000ff;\">Ausbildungsstelle zur medizinischen Fachangestellten (m\/w\/d) f\u00fcr 2026<\/span><\/h1>\n<p>F\u00fcr 2026 suchen wir noch interessierte Bewerber\/-innen, die ihre Ausbildung in unserer Praxis machen m\u00f6chten. Die Ausbildung umfasst die allgemeinen Aufgaben der Patientenannahme und -verwaltung, das Assistieren in der Sprechstunde sowie die Durchf\u00fchrung von diagnostischen Untersuchungen.<\/p>\n<h1><span style=\"color: #0000ff;\">Medizinische Fachangestellte (m\/w\/d)<\/span><\/h1>\n<p>In Voll- und Teilzeit. Ihr Hauptaufgabengebiet umfasst allgemeine T\u00e4tigkeiten in der Anmeldung sowie Unterst\u00fctzung in der Diagnostik und w\u00e4hrend der Sprechstunde. Zwingend erforderlich ist eine abgeschlossene Berufsausbildung, Berufserfahrung ist von Vorteil, aber kein Muss.<\/p>\n<h3>Ihre schriftliche Bewerbung, mit Lebenslauf und Zeugnis, richten Sie bitte an:<\/h3>\n<p>HNO-Praxis Dr. med. Ilka Fischer<br \/>\nOstallee 47<br \/>\n54290 Trier<br \/>\nOder per Email an: info@hno-fischer-trier.de<\/p>\n","protected":false},"excerpt":{"rendered":"<p>Facharzt f\u00fcr HNO (m\/w\/d) Zun\u00e4chst als Jobsharing; im Verlauf \u00dcbergang in eigene Zulassung im Angestelltenverh\u00e4ltnis. Ausbildungsstelle zur medizinischen Fachangestellten (m\/w\/d) f\u00fcr 2026 F\u00fcr 2026 suchen wir noch interessierte Bewerber\/-innen, die ihre Ausbildung in unserer Praxis machen m\u00f6chten. Die Ausbildung umfasst die allgemeinen Aufgaben der Patientenannahme und -verwaltung, das Assistieren in der Sprechstunde sowie die Durchf\u00fchrung [&hellip;]<\/p>\n","protected":false},"author":2,"featured_media":0,"parent":0,"menu_order":0,"comment_status":"closed","ping_status":"closed","template":"","meta":{"_et_pb_use_builder":"","_et_pb_old_content":"","_et_gb_content_width":"","footnotes":""},"class_list":["post-185","page","type-page","status-publish","hentry"],"_links":{"self":[{"href":"https:\/\/hno-fischer-trier.com\/index.php?rest_route=\/wp\/v2\/pages\/185","targetHints":{"allow":["GET"]}}],"collection":[{"href":"https:\/\/hno-fischer-trier.com\/index.php?rest_route=\/wp\/v2\/pages"}],"about":[{"href":"https:\/\/hno-fischer-trier.com\/index.php?rest_route=\/wp\/v2\/types\/page"}],"author":[{"embeddable":true,"href":"https:\/\/hno-fischer-trier.com\/index.php?rest_route=\/wp\/v2\/users\/2"}],"replies":[{"embeddable":true,"href":"https:\/\/hno-fischer-trier.com\/index.php?rest_route=%2Fwp%2Fv2%2Fcomments&post=185"}],"version-history":[{"count":17,"href":"https:\/\/hno-fischer-trier.com\/index.php?rest_route=\/wp\/v2\/pages\/185\/revisions"}],"predecessor-version":[{"id":604,"href":"https:\/\/hno-fischer-trier.com\/index.php?rest_route=\/wp\/v2\/pages\/185\/revisions\/604"}],"wp:attachment":[{"href":"https:\/\/hno-fischer-trier.com\/index.php?rest_route=%2Fwp%2Fv2%2Fmedia&parent=185"}],"curies":[{"name":"wp","href":"https:\/\/api.w.org\/{rel}","templated":true}]}}