{"id":67,"date":"2017-04-11T15:51:25","date_gmt":"2017-04-11T15:51:25","guid":{"rendered":"https:\/\/hno-fischer-trier.com\/?page_id=67"},"modified":"2024-01-29T07:26:46","modified_gmt":"2024-01-29T07:26:46","slug":"leistungen","status":"publish","type":"page","link":"https:\/\/hno-fischer-trier.com\/?page_id=67","title":{"rendered":"Leistungen"},"content":{"rendered":"<p>[et_pb_section fb_built=&#8220;1&#8243; custom_padding_last_edited=&#8220;on|desktop&#8220; admin_label=&#8220;section&#8220; _builder_version=&#8220;4.16&#8243; background_image=&#8220;https:\/\/hno-fischer-trier.com\/wp-content\/uploads\/2017\/04\/HNO-DrFischer2.png&#8220; custom_padding_tablet=&#8220;50px|0|50px|0&#8243; custom_padding_phone=&#8220;50px|0|50px|0&#8243; transparent_background=&#8220;off&#8220; padding_mobile=&#8220;off&#8220; make_fullwidth=&#8220;off&#8220; use_custom_width=&#8220;off&#8220; width_unit=&#8220;on&#8220; global_colors_info=&#8220;{}&#8220;][et_pb_row admin_label=&#8220;row&#8220; _builder_version=&#8220;4.16&#8243; background_size=&#8220;initial&#8220; background_position=&#8220;top_left&#8220; background_repeat=&#8220;repeat&#8220; global_colors_info=&#8220;{}&#8220;][et_pb_column type=&#8220;4_4&#8243; _builder_version=&#8220;4.16&#8243; custom_padding=&#8220;|||&#8220; global_colors_info=&#8220;{}&#8220; custom_padding__hover=&#8220;|||&#8220;][et_pb_text admin_label=&#8220;Text&#8220; _builder_version=&#8220;4.16&#8243; background_size=&#8220;initial&#8220; background_position=&#8220;top_left&#8220; background_repeat=&#8220;repeat&#8220; use_border_color=&#8220;off&#8220; border_color=&#8220;#ffffff&#8220; border_style=&#8220;solid&#8220; global_colors_info=&#8220;{}&#8220;]<\/p>\n<h1>Untersuchungs- und\u00a0Behandlungsspektrum<\/h1>\n<p>&nbsp;<br \/>\n[\/et_pb_text][\/et_pb_column][\/et_pb_row][et_pb_row column_structure=&#8220;1_3,1_3,1_3&#8243; admin_label=&#8220;Zeile&#8220; _builder_version=&#8220;4.16&#8243; background_size=&#8220;initial&#8220; background_position=&#8220;top_left&#8220; background_repeat=&#8220;repeat&#8220; global_colors_info=&#8220;{}&#8220;][et_pb_column type=&#8220;1_3&#8243; _builder_version=&#8220;4.16&#8243; custom_padding=&#8220;|||&#8220; global_colors_info=&#8220;{}&#8220; custom_padding__hover=&#8220;|||&#8220;][et_pb_divider show_divider=&#8220;off&#8220; disabled_on=&#8220;on|on|off&#8220; admin_label=&#8220;Teiler&#8220; _builder_version=&#8220;4.16&#8243; height=&#8220;100px&#8220; hide_on_mobile=&#8220;on&#8220; global_colors_info=&#8220;{}&#8220;] [\/et_pb_divider][\/et_pb_column][et_pb_column type=&#8220;1_3&#8243; _builder_version=&#8220;4.16&#8243; custom_padding=&#8220;|||&#8220; global_colors_info=&#8220;{}&#8220; custom_padding__hover=&#8220;|||&#8220;][et_pb_text admin_label=&#8220;Text&#8220; _builder_version=&#8220;4.16&#8243; background_size=&#8220;initial&#8220; background_position=&#8220;top_left&#8220; background_repeat=&#8220;repeat&#8220; use_border_color=&#8220;off&#8220; border_color=&#8220;#ffffff&#8220; border_style=&#8220;solid&#8220; global_colors_info=&#8220;{}&#8220;]<\/p>\n<p>Alle HNO-Erkrankungen<\/p>\n<p>Allergiediagnostik und -therapie<\/p>\n<p>Beratung zur Tumortherapie<\/p>\n<p>Berufsgenossenschaftliche Beratung<\/p>\n<p>Endoskopie<\/p>\n<p>Geruchs &#8211; und Geschmacksst\u00f6rungen<\/p>\n<p>Gutachten<\/p>\n<p>H\u00f6rger\u00e4teversorgung<\/p>\n<p>Kindersprechstunde<\/p>\n<p>Infektionen im Kopf-Hals-Bereich<\/p>\n<p>Infusionstherapie<\/p>\n<p>&nbsp;<\/p>\n<p>&nbsp;<\/p>\n<p>[\/et_pb_text][\/et_pb_column][et_pb_column type=&#8220;1_3&#8243; _builder_version=&#8220;4.16&#8243; custom_padding=&#8220;|||&#8220; global_colors_info=&#8220;{}&#8220; custom_padding__hover=&#8220;|||&#8220;][et_pb_text admin_label=&#8220;Text&#8220; _builder_version=&#8220;4.16&#8243; background_size=&#8220;initial&#8220; background_position=&#8220;top_left&#8220; background_repeat=&#8220;repeat&#8220; use_border_color=&#8220;off&#8220; border_color=&#8220;#ffffff&#8220; border_style=&#8220;solid&#8220; global_colors_info=&#8220;{}&#8220;]Innenohrdiagnostik<\/p>\n<p>Neurologische HNO-Erkrankungen<\/p>\n<p>Operationsberatung \/ vor- und nachstation\u00e4re<\/p>\n<p>Betreuung<\/p>\n<p>Schlafmedizinische Diagnostik<\/p>\n<p>Schwindeldiagnostik und -therapie,<\/p>\n<p>Gleichgewichtsorganerkrankungen<\/p>\n<p>Stimm-, Sprach- und Schluckst\u00f6rungen<\/p>\n<p>Sozialmedizinische Beratung (z. B. Unfall,<\/p>\n<p>Behinderung, Rente, Berufserkrankung)<\/p>\n<p>Tinnitusdiagnostik und -therapie<\/p>\n<p>(Ohrger\u00e4usche)<\/p>\n<p>Ultraschalldiagnostik<\/p>\n<p>Umweltmedizinische Beratung<\/p>\n<p>Zweitmeinung vor OP u. a.<br \/>\n[\/et_pb_text][\/et_pb_column][\/et_pb_row][\/et_pb_section]<\/p>\n","protected":false},"excerpt":{"rendered":"<p>Untersuchungs- und\u00a0Behandlungsspektrum &nbsp; Alle HNO-Erkrankungen Allergiediagnostik und -therapie Beratung zur Tumortherapie Berufsgenossenschaftliche Beratung Endoskopie Geruchs &#8211; und Geschmacksst\u00f6rungen Gutachten H\u00f6rger\u00e4teversorgung Kindersprechstunde Infektionen im Kopf-Hals-Bereich Infusionstherapie &nbsp; &nbsp;Innenohrdiagnostik Neurologische HNO-Erkrankungen Operationsberatung \/ vor- und nachstation\u00e4re Betreuung Schlafmedizinische Diagnostik Schwindeldiagnostik und -therapie, Gleichgewichtsorganerkrankungen Stimm-, Sprach- und Schluckst\u00f6rungen Sozialmedizinische Beratung (z. B. Unfall, Behinderung, Rente, Berufserkrankung) Tinnitusdiagnostik und [&hellip;]<\/p>\n","protected":false},"author":1,"featured_media":0,"parent":0,"menu_order":0,"comment_status":"closed","ping_status":"closed","template":"","meta":{"_et_pb_use_builder":"on","_et_pb_old_content":"","_et_gb_content_width":"","footnotes":""},"class_list":["post-67","page","type-page","status-publish","hentry"],"_links":{"self":[{"href":"https:\/\/hno-fischer-trier.com\/index.php?rest_route=\/wp\/v2\/pages\/67","targetHints":{"allow":["GET"]}}],"collection":[{"href":"https:\/\/hno-fischer-trier.com\/index.php?rest_route=\/wp\/v2\/pages"}],"about":[{"href":"https:\/\/hno-fischer-trier.com\/index.php?rest_route=\/wp\/v2\/types\/page"}],"author":[{"embeddable":true,"href":"https:\/\/hno-fischer-trier.com\/index.php?rest_route=\/wp\/v2\/users\/1"}],"replies":[{"embeddable":true,"href":"https:\/\/hno-fischer-trier.com\/index.php?rest_route=%2Fwp%2Fv2%2Fcomments&post=67"}],"version-history":[{"count":7,"href":"https:\/\/hno-fischer-trier.com\/index.php?rest_route=\/wp\/v2\/pages\/67\/revisions"}],"predecessor-version":[{"id":496,"href":"https:\/\/hno-fischer-trier.com\/index.php?rest_route=\/wp\/v2\/pages\/67\/revisions\/496"}],"wp:attachment":[{"href":"https:\/\/hno-fischer-trier.com\/index.php?rest_route=%2Fwp%2Fv2%2Fmedia&parent=67"}],"curies":[{"name":"wp","href":"https:\/\/api.w.org\/{rel}","templated":true}]}}