{"id":84,"date":"2017-04-11T16:26:29","date_gmt":"2017-04-11T16:26:29","guid":{"rendered":"https:\/\/hno-fischer-trier.com\/?page_id=84"},"modified":"2023-03-23T10:44:51","modified_gmt":"2023-03-23T10:44:51","slug":"anfahrt","status":"publish","type":"page","link":"https:\/\/hno-fischer-trier.com\/?page_id=84","title":{"rendered":"Anfahrt"},"content":{"rendered":"<p>[et_pb_section fb_built=&#8220;1&#8243; custom_padding_last_edited=&#8220;on|desktop&#8220; admin_label=&#8220;section&#8220; _builder_version=&#8220;4.16&#8243; background_image=&#8220;https:\/\/hno-fischer-trier.com\/wp-content\/uploads\/2017\/04\/HNO-DrFischer2.png&#8220; custom_padding_tablet=&#8220;50px|0|50px|0&#8243; transparent_background=&#8220;off&#8220; padding_mobile=&#8220;off&#8220; make_fullwidth=&#8220;off&#8220; use_custom_width=&#8220;off&#8220; width_unit=&#8220;on&#8220; global_colors_info=&#8220;{}&#8220; custom_padding_phone=&#8220;50px|0|50px|0&#8243;][et_pb_row admin_label=&#8220;row&#8220; _builder_version=&#8220;4.16&#8243; background_size=&#8220;initial&#8220; background_position=&#8220;top_left&#8220; background_repeat=&#8220;repeat&#8220; global_colors_info=&#8220;{}&#8220;][et_pb_column type=&#8220;4_4&#8243; _builder_version=&#8220;4.16&#8243; custom_padding=&#8220;|||&#8220; global_colors_info=&#8220;{}&#8220; custom_padding__hover=&#8220;|||&#8220;][et_pb_text admin_label=&#8220;Text&#8220; _builder_version=&#8220;4.16&#8243; background_size=&#8220;initial&#8220; background_position=&#8220;top_left&#8220; background_repeat=&#8220;repeat&#8220; use_border_color=&#8220;off&#8220; border_color=&#8220;#ffffff&#8220; border_style=&#8220;solid&#8220; global_colors_info=&#8220;{}&#8220;]<\/p>\n<h1>Anfahrt<\/h1>\n<p>[\/et_pb_text][\/et_pb_column][\/et_pb_row][et_pb_row admin_label=&#8220;Zeile&#8220; _builder_version=&#8220;4.16&#8243; background_size=&#8220;initial&#8220; background_position=&#8220;top_left&#8220; background_repeat=&#8220;repeat&#8220; global_colors_info=&#8220;{}&#8220; column_structure=&#8220;1_3,2_3&#8243;][et_pb_column type=&#8220;1_3&#8243; _builder_version=&#8220;4.16&#8243; custom_padding=&#8220;|||&#8220; global_colors_info=&#8220;{}&#8220; custom_padding__hover=&#8220;|||&#8220;][et_pb_divider show_divider=&#8220;off&#8220; disabled_on=&#8220;on|on|off&#8220; admin_label=&#8220;Teiler&#8220; _builder_version=&#8220;4.16&#8243; height=&#8220;100px&#8220; hide_on_mobile=&#8220;on&#8220; global_colors_info=&#8220;{}&#8220;][\/et_pb_divider][\/et_pb_column][et_pb_column type=&#8220;2_3&#8243; _builder_version=&#8220;4.16&#8243; custom_padding=&#8220;|||&#8220; global_colors_info=&#8220;{}&#8220; custom_padding__hover=&#8220;|||&#8220;][et_pb_text admin_label=&#8220;Text&#8220; _builder_version=&#8220;4.16&#8243; background_size=&#8220;initial&#8220; background_position=&#8220;top_left&#8220; background_repeat=&#8220;repeat&#8220; use_border_color=&#8220;off&#8220; border_color=&#8220;#ffffff&#8220; border_style=&#8220;solid&#8220; global_colors_info=&#8220;{}&#8220;]Gro\u00dfer Patientenparkplatz im Hof\u00a0mit direktem Zugang zum\u00a0behindertengerechten Aufzug<\/p>\n<p>Auch Behandlung von liegend Kranken m\u00f6glich<\/p>\n<p><img loading=\"lazy\" decoding=\"async\" class=\"aligncenter size-full wp-image-85\" src=\"https:\/\/hno-fischer-trier.com\/wp-content\/uploads\/2017\/04\/Bildschirmfoto-2017-04-11-um-18.25.07.png\" alt=\"\" width=\"1269\" height=\"590\" srcset=\"https:\/\/hno-fischer-trier.com\/wp-content\/uploads\/2017\/04\/Bildschirmfoto-2017-04-11-um-18.25.07.png 1269w, https:\/\/hno-fischer-trier.com\/wp-content\/uploads\/2017\/04\/Bildschirmfoto-2017-04-11-um-18.25.07-300x139.png 300w, https:\/\/hno-fischer-trier.com\/wp-content\/uploads\/2017\/04\/Bildschirmfoto-2017-04-11-um-18.25.07-768x357.png 768w, https:\/\/hno-fischer-trier.com\/wp-content\/uploads\/2017\/04\/Bildschirmfoto-2017-04-11-um-18.25.07-1024x476.png 1024w, https:\/\/hno-fischer-trier.com\/wp-content\/uploads\/2017\/04\/Bildschirmfoto-2017-04-11-um-18.25.07-1080x502.png 1080w\" sizes=\"(max-width: 1269px) 100vw, 1269px\" \/><\/p>\n<p>Zu Fu\u00df: 500 m vom Hauptbahnhof Trier<\/p>\n<p>Mit dem Auto: Einfahrt \u00fcber die Ostallee nur aus<\/p>\n<p>Richtung Kaiserthermen m\u00f6glich<br \/>\n[\/et_pb_text][\/et_pb_column][\/et_pb_row][\/et_pb_section]<\/p>\n","protected":false},"excerpt":{"rendered":"<p>Anfahrt Gro\u00dfer Patientenparkplatz im Hof\u00a0mit direktem Zugang zum\u00a0behindertengerechten Aufzug Auch Behandlung von liegend Kranken m\u00f6glich Zu Fu\u00df: 500 m vom Hauptbahnhof Trier Mit dem Auto: Einfahrt \u00fcber die Ostallee nur aus Richtung Kaiserthermen m\u00f6glich<\/p>\n","protected":false},"author":1,"featured_media":0,"parent":0,"menu_order":0,"comment_status":"closed","ping_status":"closed","template":"","meta":{"_et_pb_use_builder":"on","_et_pb_old_content":"","_et_gb_content_width":"","footnotes":""},"class_list":["post-84","page","type-page","status-publish","hentry"],"_links":{"self":[{"href":"https:\/\/hno-fischer-trier.com\/index.php?rest_route=\/wp\/v2\/pages\/84","targetHints":{"allow":["GET"]}}],"collection":[{"href":"https:\/\/hno-fischer-trier.com\/index.php?rest_route=\/wp\/v2\/pages"}],"about":[{"href":"https:\/\/hno-fischer-trier.com\/index.php?rest_route=\/wp\/v2\/types\/page"}],"author":[{"embeddable":true,"href":"https:\/\/hno-fischer-trier.com\/index.php?rest_route=\/wp\/v2\/users\/1"}],"replies":[{"embeddable":true,"href":"https:\/\/hno-fischer-trier.com\/index.php?rest_route=%2Fwp%2Fv2%2Fcomments&post=84"}],"version-history":[{"count":3,"href":"https:\/\/hno-fischer-trier.com\/index.php?rest_route=\/wp\/v2\/pages\/84\/revisions"}],"predecessor-version":[{"id":441,"href":"https:\/\/hno-fischer-trier.com\/index.php?rest_route=\/wp\/v2\/pages\/84\/revisions\/441"}],"wp:attachment":[{"href":"https:\/\/hno-fischer-trier.com\/index.php?rest_route=%2Fwp%2Fv2%2Fmedia&parent=84"}],"curies":[{"name":"wp","href":"https:\/\/api.w.org\/{rel}","templated":true}]}}